{"id":7413,"date":"2025-12-04T19:50:38","date_gmt":"2025-12-04T19:50:38","guid":{"rendered":"https:\/\/meublees.com\/product\/%d8%af%d8%b1%d9%8a%d8%b3%d9%86%d8%ac-mdf-200x240x200x50-%d8%b3%d9%85\/"},"modified":"2025-12-04T19:50:38","modified_gmt":"2025-12-04T19:50:38","slug":"%d8%af%d8%b1%d9%8a%d8%b3%d9%86%d8%ac-mdf-200x240x200x50-%d8%b3%d9%85","status":"publish","type":"product","link":"https:\/\/meublees.com\/ar\/product\/%d8%af%d8%b1%d9%8a%d8%b3%d9%86%d8%ac-mdf-200x240x200x50-%d8%b3%d9%85\/","title":{"rendered":"\u062f\u0631\u064a\u0633\u0646\u062c MDF &#8211; 200\u00d7240\u00d7200\u00d750 \u0633\u0645"},"content":{"rendered":"<ul>\n<li>\u0627\u0644\u0644\u0648\u0646: \u0623\u0628\u064a\u0636<\/li>\n<li>\u0627\u0644\u0646\u0648\u0639: \u062f\u0631\u064a\u0633\u0646\u062c<\/li>\n<li>\u0627\u0644\u0627\u0631\u062a\u0641\u0627\u0639 200 \u0633\u0645<\/li>\n<li>\u0627\u0644\u0639\u0631\u0636 \u0628\u0627\u0644\u0633\u0646\u062a\u064a\u0645\u062a\u0631: 240<\/li>\n<li>\u0627\u0644\u0637\u0648\u0644 :200 \u0633\u0645 <\/li>\n<li>\u0627\u0644\u0639\u0645\u0642 : 50 \u0633\u0645 <\/li>\n<li>\u0627\u0644\u0645\u0648\u0627\u062f: \u062e\u0634\u0628 \u0627\u0644\u0627\u062a\u062d\u0627\u062f \u0627\u0644\u0623\u0648\u0631\u0648\u0628\u064a<\/li>\n<li>\u0627\u0628\u0639\u0627\u062f \u0627\u0644\u0627\u062f\u0631\u0627\u062c : 75 \u0633\u0645 <\/li>\n<li>\u0623\u0628\u0639\u0627\u062f \u0627\u0644\u0631\u0641\u0648\u0641 \u0628\u0627\u0644\u0633\u0645: 75<\/li>\n<li>\u0623\u0628\u0639\u0627\u062f \u0627\u0644\u062e\u0632\u0627\u0646\u0629 \u0628\u0627\u0644\u0633\u0645: 47.5<\/li>\n<li>\u0648\u0642\u062a \u0627\u0644\u062a\u0633\u0644\u064a\u0645: \u0641\u064a \u063a\u0636\u0648\u0646 15 -20 \u064a\u0648\u0645 \u0639\u0645\u0644<\/li>\n<li>\u0648\u0642\u062a \u0627\u0644\u0625\u0631\u062c\u0627\u0639 \u0648\u0627\u0633\u062a\u0631\u062f\u0627\u062f \u0627\u0644\u0623\u0645\u0648\u0627\u0644: \u062e\u0644\u0627\u0644 15 \u064a\u0648\u0645\u064b\u0627<\/li>\n<li>\u0628\u0644\u062f \u0627\u0644\u0645\u0646\u0634\u0623: \u0645\u0635\u0631<\/li>\n<\/ul>","protected":false},"excerpt":{"rendered":"<p>\u0627\u0644\u0644\u0648\u0646: \u0623\u0628\u064a\u0636 \u0627\u0644\u0646\u0648\u0639: \u062f\u0631\u064a\u0633\u0646\u062c \u0627\u0644\u0627\u0631\u062a\u0641\u0627\u0639 200 \u0633\u0645 \u0627\u0644\u0639\u0631\u0636 \u0628\u0627\u0644\u0633\u0646\u062a\u064a\u0645\u062a\u0631: 240 \u0627\u0644\u0637\u0648\u0644 :200 \u0633\u0645 \u0627\u0644\u0639\u0645\u0642 : 50 \u0633\u0645 \u0627\u0644\u0645\u0648\u0627\u062f: \u062e\u0634\u0628 \u0627\u0644\u0627\u062a\u062d\u0627\u062f \u0627\u0644\u0623\u0648\u0631\u0648\u0628\u064a \u0627\u0628\u0639\u0627\u062f \u0627\u0644\u0627\u062f\u0631\u0627\u062c : 75 \u0633\u0645 \u0623\u0628\u0639\u0627\u062f \u0627\u0644\u0631\u0641\u0648\u0641 \u0628\u0627\u0644\u0633\u0645: 75 \u0623\u0628\u0639\u0627\u062f \u0627\u0644\u062e\u0632\u0627\u0646\u0629 \u0628\u0627\u0644\u0633\u0645: 47.5 \u0648\u0642\u062a \u0627\u0644\u062a\u0633\u0644\u064a\u0645: \u0641\u064a \u063a\u0636\u0648\u0646 15 -20 \u064a\u0648\u0645 \u0639\u0645\u0644 \u0648\u0642\u062a \u0627\u0644\u0625\u0631\u062c\u0627\u0639 \u0648\u0627\u0633\u062a\u0631\u062f\u0627\u062f \u0627\u0644\u0623\u0645\u0648\u0627\u0644: \u062e\u0644\u0627\u0644 15 \u064a\u0648\u0645\u064b\u0627 \u0628\u0644\u062f \u0627\u0644\u0645\u0646\u0634\u0623: \u0645\u0635\u0631<\/p>","protected":false},"featured_media":7414,"comment_status":"open","ping_status":"closed","template":"","meta":{"site-sidebar-layout":"default","site-content-layout":"","ast-site-content-layout":"default","site-content-style":"default","site-sidebar-style":"default","ast-global-header-display":"","ast-banner-title-visibility":"","ast-main-header-display":"","ast-hfb-above-header-display":"","ast-hfb-below-header-display":"","ast-hfb-mobile-header-display":"","site-post-title":"","ast-breadcrumbs-content":"","ast-featured-img":"","footer-sml-layout":"","theme-transparent-header-meta":"default","adv-header-id-meta":"","stick-header-meta":"","header-above-stick-meta":"","header-main-stick-meta":"","header-below-stick-meta":"","astra-migrate-meta-layouts":"default","ast-page-background-enabled":"default","ast-page-background-meta":{"desktop":{"background-color":"","background-image":"","background-repeat":"repeat","background-position":"center center","background-size":"auto","background-attachment":"scroll","background-type":"","background-media":"","overlay-type":"","overlay-color":"","overlay-opacity":"","overlay-gradient":""},"tablet":{"background-color":"","background-image":"","background-repeat":"repeat","background-position":"center center","background-size":"auto","background-attachment":"scroll","background-type":"","background-media":"","overlay-type":"","overlay-color":"","overlay-opacity":"","overlay-gradient":""},"mobile":{"background-color":"","background-image":"","background-repeat":"repeat","background-position":"center center","background-size":"auto","background-attachment":"scroll","background-type":"","background-media":"","overlay-type":"","overlay-color":"","overlay-opacity":"","overlay-gradient":""}},"ast-content-background-meta":{"desktop":{"background-color":"var(--ast-global-color-5)","background-image":"","background-repeat":"repeat","background-position":"center center","background-size":"auto","background-attachment":"scroll","background-type":"","background-media":"","overlay-type":"","overlay-color":"","overlay-opacity":"","overlay-gradient":""},"tablet":{"background-color":"var(--ast-global-color-5)","background-image":"","background-repeat":"repeat","background-position":"center center","background-size":"auto","background-attachment":"scroll","background-type":"","background-media":"","overlay-type":"","overlay-color":"","overlay-opacity":"","overlay-gradient":""},"mobile":{"background-color":"var(--ast-global-color-5)","background-image":"","background-repeat":"repeat","background-position":"center center","background-size":"auto","background-attachment":"scroll","background-type":"","background-media":"","overlay-type":"","overlay-color":"","overlay-opacity":"","overlay-gradient":""}}},"product_brand":[],"product_cat":[154,197,165],"product_tag":[],"class_list":{"0":"post-7413","1":"product","2":"type-product","3":"status-publish","4":"has-post-thumbnail","6":"product_cat-154","7":"product_cat-197","8":"product_cat-165","9":"desktop-align-left","10":"tablet-align-left","11":"mobile-align-left","13":"first","14":"instock","15":"sale","16":"shipping-taxable","17":"purchasable","18":"product-type-simple"},"jetpack_sharing_enabled":true,"_links":{"self":[{"href":"https:\/\/meublees.com\/ar\/wp-json\/wp\/v2\/product\/7413","targetHints":{"allow":["GET"]}}],"collection":[{"href":"https:\/\/meublees.com\/ar\/wp-json\/wp\/v2\/product"}],"about":[{"href":"https:\/\/meublees.com\/ar\/wp-json\/wp\/v2\/types\/product"}],"replies":[{"embeddable":true,"href":"https:\/\/meublees.com\/ar\/wp-json\/wp\/v2\/comments?post=7413"}],"wp:featuredmedia":[{"embeddable":true,"href":"https:\/\/meublees.com\/ar\/wp-json\/wp\/v2\/media\/7414"}],"wp:attachment":[{"href":"https:\/\/meublees.com\/ar\/wp-json\/wp\/v2\/media?parent=7413"}],"wp:term":[{"taxonomy":"product_brand","embeddable":true,"href":"https:\/\/meublees.com\/ar\/wp-json\/wp\/v2\/product_brand?post=7413"},{"taxonomy":"product_cat","embeddable":true,"href":"https:\/\/meublees.com\/ar\/wp-json\/wp\/v2\/product_cat?post=7413"},{"taxonomy":"product_tag","embeddable":true,"href":"https:\/\/meublees.com\/ar\/wp-json\/wp\/v2\/product_tag?post=7413"}],"curies":[{"name":"wp","href":"https:\/\/api.w.org\/{rel}","templated":true}]}}